{"id":6,"date":"2023-10-23T07:23:13","date_gmt":"2023-10-23T07:23:13","guid":{"rendered":"https:\/\/gebeleiziseolian.ro\/?page_id=6"},"modified":"2023-10-25T11:57:33","modified_gmt":"2023-10-25T11:57:33","slug":"despre-noi","status":"publish","type":"page","link":"https:\/\/gebeleiziseolian.ro\/","title":{"rendered":"Despre Noi"},"content":{"rendered":"<p><img decoding=\"async\" loading=\"lazy\" class=\" wp-image-28 alignright\" src=\"https:\/\/gebeleiziseolian.ro\/wp-content\/uploads\/2023\/10\/DSCF9388_crp-300x166.jpg\" alt=\"\" width=\"553\" height=\"306\" srcset=\"https:\/\/gebeleiziseolian.ro\/wp-content\/uploads\/2023\/10\/DSCF9388_crp-300x166.jpg 300w, https:\/\/gebeleiziseolian.ro\/wp-content\/uploads\/2023\/10\/DSCF9388_crp-1024x568.jpg 1024w, https:\/\/gebeleiziseolian.ro\/wp-content\/uploads\/2023\/10\/DSCF9388_crp-768x426.jpg 768w, https:\/\/gebeleiziseolian.ro\/wp-content\/uploads\/2023\/10\/DSCF9388_crp-1536x852.jpg 1536w, https:\/\/gebeleiziseolian.ro\/wp-content\/uploads\/2023\/10\/DSCF9388_crp-2048x1137.jpg 2048w\" sizes=\"(max-width: 553px) 100vw, 553px\" \/><\/p>\n<p><strong>GEBELEZIS EOLIAN S.R.L.<\/strong> este persoan\u0103 juridic\u0103 rom\u00e2n\u0103 (micro\u00eentreprindere), cu capital privat \u0219i are ca obiect principal de activitate produc\u021bia energiei electrice din surse regenerabile.<\/p>\n<p>Societatea este afiliat\u0103 la grupul de firme Eximprod Grup, grup de companii specializat \u00een mai multe arii ale industriei energetice: produc\u021bia de echipamente, proiectare, consultan\u021b\u0103, asamblare dulapuri, proiecte la cheie, sisteme SCADA, dezvoltare desoftware, dezvoltare, operare \u0219i mentenan\u021ba parcuri de energie regenerabil\u0103.<\/p>\n<p>Societatea <strong>GEBELEIZIS EOLIAN S.R.L.<\/strong> dezvolta proiectul &#8220;Centrala Electrica Fotovoltaica Stalpu&#8221; pe raza localitatii Stalpu, judetul Buzau.<\/p>\n<p>Obiectivul general al proiectului \u00eel reprezint\u0103 cre\u0219terea nivelului de utilizare a surselor regenerabile deenergie prin dezvoltarea si instalarea unei noi capacit\u0103\u021bi de producere energie electric\u0103 din surse regenerabile solare de 4,95 MW.<\/p>\n<p>Proiectul \u201e<strong>Centrala Electric\u0103 Fotovoltaic\u0103 \u2013 St\u00e2lpu<\/strong>\u201d const\u0103 \u00een construirea unei capacit\u0103\u021bi noi de producere a energiei electrice prin conversia fotovoltaic\u0103 a energiei solare, cu o putere instalat\u0103 in curent continuu de max. 5,1 MWp si o putere de ie\u0219ire maxim\u0103 \u00een curent alternativ de 4,95 MW, pe teritoriul comunei St\u00e2lpu, jude\u021bul Buz\u0103u, pe un teren intravilan cu o suprafata de 50.000 mp, cu un potential de radiatie solara foarte bun.<\/p>\n<p>Racordarea Centralei Electrice Fotovoltaice Stalpu se va executa la re\u021beaua operatorului de distribu\u021bie \u00een LEA 20 kV Zore\u0219ti, prin intermediul unui punct de conexiuni nou PC-20 kV si a unui st\u00e2lp suplimentar complet echipat.<\/p>\n<p><strong>Realizarea obiectivului general al proiectului contribuie la:<\/strong><br \/>\n&#8211; reducerea emisiilor de carbon \u00een atmosfer\u0103 generate de sectorul energetic prin \u00eenlocuirea unei p\u0103r\u021bi din cantitatea de combustibili fosili consuma\u021bi \u00een fiecare an &#8211; c\u0103rbune, gaz natural.<br \/>\n&#8211; cre\u0219terea ponderii energiei regenerabile \u00een totalul consumului de energie primar\u0103;<br \/>\n&#8211; atingerea obiectivelor Uniunii Europene privind produc\u021bia de energie din surse regenerabile prev\u0103zute \u00een Directiva (UE) 2018\/2001 a Parlamentului European \u0219i a Consiliului privind promovarea utiliz\u0103rii energiei din surse regenerabile;<br \/>\n&#8211; atingerea obiectivelor din Planul Na\u021bional Integrat \u00een domeniul Energiei \u0219i Schimb\u0103rilor Climatice 2021-2030, aprobat prin H.G. nr. 1.076\/2021 privind ponderea global\u0103 de energie din surse regenerabile \u00een consumul final brut de energie.<\/p>\n<p>Proiectul este propus pentru accesare finantare prin PNRR \u00een cadrul apelului <strong>PNRR\/2022\/C6\/M ENERGIE\/I1.\/ Lansarea unei proceduri de ofertare pentru proiecte de productie de energie din surse regenerabile (energie eolian\u0103 si solar\u0103)<\/strong>.<\/p>\n","protected":false},"excerpt":{"rendered":"<p>GEBELEZIS EOLIAN S.R.L. este persoan\u0103 juridic\u0103 rom\u00e2n\u0103 (micro\u00eentreprindere), cu capital privat \u0219i are ca obiect principal de activitate produc\u021bia energiei electrice din surse regenerabile. Societatea este afiliat\u0103 la grupul de firme Eximprod Grup, grup de companii specializat \u00een mai multe arii ale industriei energetice: produc\u021bia de echipamente, proiectare, consultan\u021b\u0103, asamblare dulapuri, proiecte la cheie, sisteme [&hellip;]<\/p>\n","protected":false},"author":1,"featured_media":0,"parent":0,"menu_order":0,"comment_status":"closed","ping_status":"closed","template":"","meta":[],"_links":{"self":[{"href":"https:\/\/gebeleiziseolian.ro\/index.php?rest_route=\/wp\/v2\/pages\/6"}],"collection":[{"href":"https:\/\/gebeleiziseolian.ro\/index.php?rest_route=\/wp\/v2\/pages"}],"about":[{"href":"https:\/\/gebeleiziseolian.ro\/index.php?rest_route=\/wp\/v2\/types\/page"}],"author":[{"embeddable":true,"href":"https:\/\/gebeleiziseolian.ro\/index.php?rest_route=\/wp\/v2\/users\/1"}],"replies":[{"embeddable":true,"href":"https:\/\/gebeleiziseolian.ro\/index.php?rest_route=%2Fwp%2Fv2%2Fcomments&post=6"}],"version-history":[{"count":6,"href":"https:\/\/gebeleiziseolian.ro\/index.php?rest_route=\/wp\/v2\/pages\/6\/revisions"}],"predecessor-version":[{"id":32,"href":"https:\/\/gebeleiziseolian.ro\/index.php?rest_route=\/wp\/v2\/pages\/6\/revisions\/32"}],"wp:attachment":[{"href":"https:\/\/gebeleiziseolian.ro\/index.php?rest_route=%2Fwp%2Fv2%2Fmedia&parent=6"}],"curies":[{"name":"wp","href":"https:\/\/api.w.org\/{rel}","templated":true}]}}