{"id":7,"date":"2023-10-23T07:23:13","date_gmt":"2023-10-23T07:23:13","guid":{"rendered":"https:\/\/gebeleiziseolian.ro\/?page_id=7"},"modified":"2024-11-12T09:13:14","modified_gmt":"2024-11-12T09:13:14","slug":"anunturi","status":"publish","type":"page","link":"https:\/\/gebeleiziseolian.ro\/?page_id=7","title":{"rendered":"Anunturi"},"content":{"rendered":"\n<p>Societatea <strong>GEBELEIZIS EOLIAN S.R.L.<\/strong>,&nbsp; in calitate de Beneficiar Privat, cu sediul social \u00een Mun. Buz\u0103u, Strada Transilvaniei, nr. 1, Etaj 5, Judetul Buz\u0103u, RO 222, Rom\u00e2nia,&nbsp; \u00eenregistrat\u0103 la ORC de pe l\u00e2ng\u0103 Tribunalul Buz\u0103u sub nr. de ordine J10\/626\/2020, CIF RO 42864924,&nbsp; cu date de contact: adres\u0103 e-mail cef_stalpu@gebeleiziseolian.ro, intentioneaz\u0103 s\u0103 atribuie <strong>Contract de furnizare echipamente si lucrari de instalare Centrala Electrica Fotovoltaica CEF Stalpu 4,95 MW<\/strong>, amplasata in localitatea Stalpu, judetul Buzau.<\/p>\n\n\n\n<div class=\"wp-block-buttons is-layout-flex\">\n<div class=\"wp-block-button\"><a class=\"wp-block-button__link wp-element-button\" href=\"https:\/\/gebeleiziseolian.ro\/wp-content\/uploads\/2024\/01\/Gebeleizis_CEF-Stalpu_CAIET-DE-SARCINI_s.pdf\" target=\"_blank\" rel=\"noreferrer noopener\">Gebeleizis CEF &#8211; Stalpu CAIET DE SARCINI<\/a><\/div>\n<\/div>\n\n\n\n<p><\/p>\n\n\n\n<div class=\"wp-block-buttons is-layout-flex\">\n<div class=\"wp-block-button\"><a class=\"wp-block-button__link wp-element-button\" href=\"https:\/\/gebeleiziseolian.ro\/wp-content\/uploads\/2024\/01\/Gebeleizis_CEF-Stalpu_Anunt-participare-licitatie_s.pdf\" target=\"_blank\" rel=\"noreferrer noopener\">Gebeleizis CEF &#8211; Stalpu Anunt participare licitatie<\/a><\/div>\n<\/div>\n\n\n\n<p><\/p>\n\n\n\n<div class=\"wp-block-buttons is-layout-flex\">\n<div class=\"wp-block-button\"><a class=\"wp-block-button__link wp-element-button\" href=\"https:\/\/gebeleiziseolian.ro\/wp-content\/uploads\/2024\/01\/Gebeleizis_CEF-Stalpu_Raspuns-Clarificari_Procedura-Competitiva_s-1.pdf\" target=\"_blank\" rel=\"noreferrer noopener\">Gebeleizis CEF &#8211; Stalpu Raspuns Clarificari Procedura Competitiva<\/a><\/div>\n<\/div>\n\n\n\n<p><\/p>\n\n\n\n<div class=\"wp-block-buttons is-layout-flex\">\n<div class=\"wp-block-button\"><a class=\"wp-block-button__link wp-element-button\" href=\"https:\/\/gebeleiziseolian.ro\/wp-content\/uploads\/2024\/02\/Gebeleizis_CEF-Stalpu_Raport-deschidere-oferte_Procedura-Competitiva_s.pdf\" target=\"_blank\" rel=\"noreferrer noopener\">Gebeleizis CEF &#8211; Raport deschidere oferte Procedura Competitiva<\/a><\/div>\n<\/div>\n\n\n\n<p><\/p>\n\n\n\n<div class=\"wp-block-buttons is-layout-flex\">\n<div class=\"wp-block-button\"><a class=\"wp-block-button__link wp-element-button\" href=\"https:\/\/gebeleiziseolian.ro\/wp-content\/uploads\/2024\/02\/Gebeleizis_Anunt-atribuire_s.pdf\" target=\"_blank\" rel=\"noreferrer noopener\">Gebeleizis CEF &#8211; Anunt atribuire contract<\/a><\/div>\n<\/div>\n\n\n\n<p><\/p>\n\n\n\n<div class=\"wp-block-buttons is-layout-flex\">\n<div class=\"wp-block-button\"><a class=\"wp-block-button__link wp-element-button\" href=\"https:\/\/gebeleiziseolian.ro\/wp-content\/uploads\/2024\/03\/Gebeleizis_Anunt-atribuire-VITALIS_s.pdf\" target=\"_blank\" rel=\"noreferrer noopener\">Gebeleizis CEF &#8211; Anunt demarare achizitie directa<\/a><\/div>\n<\/div>\n\n\n\n<p><\/p>\n\n\n\n<div class=\"wp-block-buttons is-layout-flex\">\n<div class=\"wp-block-button\"><a class=\"wp-block-button__link wp-element-button\" href=\"https:\/\/gebeleiziseolian.ro\/wp-content\/uploads\/2024\/11\/Gebeleizis-CEF_Anunt-Erata-Raport-Procedura-Atribuire_s.pdf\" target=\"_blank\" rel=\"noreferrer noopener\">Gebeleizis CEF &#8211; Anunt erata Raport Procedura Atribuire<\/a><\/div>\n<\/div>\n","protected":false},"excerpt":{"rendered":"<p>Societatea GEBELEIZIS EOLIAN S.R.L.,&nbsp; in calitate de Beneficiar Privat, cu sediul social \u00een Mun. Buz\u0103u, Strada Transilvaniei, nr. 1, Etaj 5, Judetul Buz\u0103u, RO 222, Rom\u00e2nia,&nbsp; \u00eenregistrat\u0103 la ORC de pe l\u00e2ng\u0103 Tribunalul Buz\u0103u sub nr. de ordine J10\/626\/2020, CIF RO 42864924,&nbsp; cu date de contact: adres\u0103 e-mail cef_stalpu@gebeleiziseolian.ro, intentioneaz\u0103 s\u0103 atribuie Contract de furnizare [&hellip;]<\/p>\n","protected":false},"author":1,"featured_media":0,"parent":0,"menu_order":0,"comment_status":"closed","ping_status":"closed","template":"","meta":[],"_links":{"self":[{"href":"https:\/\/gebeleiziseolian.ro\/index.php?rest_route=\/wp\/v2\/pages\/7"}],"collection":[{"href":"https:\/\/gebeleiziseolian.ro\/index.php?rest_route=\/wp\/v2\/pages"}],"about":[{"href":"https:\/\/gebeleiziseolian.ro\/index.php?rest_route=\/wp\/v2\/types\/page"}],"author":[{"embeddable":true,"href":"https:\/\/gebeleiziseolian.ro\/index.php?rest_route=\/wp\/v2\/users\/1"}],"replies":[{"embeddable":true,"href":"https:\/\/gebeleiziseolian.ro\/index.php?rest_route=%2Fwp%2Fv2%2Fcomments&post=7"}],"version-history":[{"count":15,"href":"https:\/\/gebeleiziseolian.ro\/index.php?rest_route=\/wp\/v2\/pages\/7\/revisions"}],"predecessor-version":[{"id":77,"href":"https:\/\/gebeleiziseolian.ro\/index.php?rest_route=\/wp\/v2\/pages\/7\/revisions\/77"}],"wp:attachment":[{"href":"https:\/\/gebeleiziseolian.ro\/index.php?rest_route=%2Fwp%2Fv2%2Fmedia&parent=7"}],"curies":[{"name":"wp","href":"https:\/\/api.w.org\/{rel}","templated":true}]}}